{"id":1215,"date":"2026-02-14T15:02:49","date_gmt":"2026-02-14T15:02:49","guid":{"rendered":"https:\/\/workgroups.cl\/?page_id=1215"},"modified":"2026-03-26T00:39:12","modified_gmt":"2026-03-26T00:39:12","slug":"inicio","status":"publish","type":"page","link":"https:\/\/cpdiseno.cl\/","title":{"rendered":"INICIO"},"content":{"rendered":"\n<p class=\"has-text-align-center has-black-color has-text-color has-link-color has-medium-font-size wp-elements-157f3fcc9e9ac2cc7e0a6dfbb22fefa6 wp-block-paragraph\"><strong>\u00bf Tu condominio recibe una gesti\u00f3n eficiente y transparente ?<\/strong><\/p>\n\n\n<div class=\"wp-block-image\">\n<figure class=\"aligncenter size-large is-resized\"><img fetchpriority=\"high\" decoding=\"async\" width=\"1024\" height=\"683\" src=\"https:\/\/cpdiseno.cl\/wp-content\/uploads\/2026\/02\/2-1-1024x683.png\" alt=\"\" class=\"wp-image-2205\" style=\"aspect-ratio:1.4992888417882142;width:647px;height:auto\" srcset=\"https:\/\/cpdiseno.cl\/wp-content\/uploads\/2026\/02\/2-1-1024x683.png 1024w, https:\/\/cpdiseno.cl\/wp-content\/uploads\/2026\/02\/2-1-300x200.png 300w, https:\/\/cpdiseno.cl\/wp-content\/uploads\/2026\/02\/2-1-768x512.png 768w, https:\/\/cpdiseno.cl\/wp-content\/uploads\/2026\/02\/2-1.png 1536w\" sizes=\"(max-width: 1024px) 100vw, 1024px\" \/><\/figure>\n<\/div>\n\n\n<p class=\"wp-block-paragraph\"><\/p>\n\n\n\n<figure class=\"wp-block-pullquote has-black-color has-text-color has-link-color has-medium-font-size wp-elements-5b0fdc847ac9e9e941009863dc54fc7c\"><blockquote><p>Si la administraci\u00f3n de tu condominio no est\u00e1 entregando un servicio eficiente, o la informaci\u00f3n que recibes como miembro del Comit\u00e9 de Administraci\u00f3n es poco clara, no es oportuna y poco confiable, es momento de tomar acci\u00f3n.<\/p><\/blockquote><\/figure>\n\n\n\n<p class=\"has-black-color has-text-color has-link-color has-medium-font-size wp-elements-89e9f4630ce22a604c8b8c516eee096f wp-block-paragraph\">Un <strong>Servicio de Auditor\u00eda en gesti\u00f3n Operativa, Financiera, Tributaria y de Recursos Humanos<\/strong> permite evaluar de manera objetiva el funcionamiento de tu comunidad y detectar oportunidades de mejora.<\/p>\n\n\n\n<p class=\"has-black-color has-text-color has-link-color has-medium-font-size wp-elements-d76327ca921e2cbf10b820fa0d4cb546 wp-block-paragraph\">Contar con una revisi\u00f3n profesional no solo ayuda a identificar inconsistencias, sino que tambi\u00e9n permite optimizar procesos, prevenir multas e intereses, resguardar el patrimonio de la comunidad y fortalecer la transparencia. El resultado : mayor tranquilidad para el Comit\u00e9 de Administraci\u00f3n y la Comunidad.<\/p>\n\n\n\n<p class=\"has-black-color has-text-color has-link-color has-medium-font-size wp-elements-7d121a94b0550ad0d7054873cf997fa1 wp-block-paragraph\">La experiencia y trayectoria son factores clave al momento de elegir una empresa especializada en auditor\u00eda para condominios. Una auditor\u00eda bien ejecutada no se limita a detectar problemas : alinea al comit\u00e9 con la administraci\u00f3n, propone soluciones concretas y establece mejoras sostenibles en el tiempo.<\/p>\n\n\n\n<p class=\"has-black-color has-text-color has-link-color wp-elements-9ac00cf961d1ea846fe5a532228b76c6 wp-block-paragraph\"><\/p>\n\n\n\n<p class=\"has-text-align-left has-black-color has-text-color has-link-color has-medium-font-size wp-elements-774130085414fb53306be1b7b401c12b wp-block-paragraph\"><strong><strong>WORKGROUPS, expertos en auditor\u00eda para administraci\u00f3n de condominios<\/strong><\/strong><\/p>\n\n\n\n<p class=\"has-black-color has-text-color has-link-color has-medium-font-size wp-elements-59d09150bca70afe7b328cda033e1e9f wp-block-paragraph\">Trabajamos con un enfoque profesional y una atenci\u00f3n personalizada, adapt\u00e1ndonos a las necesidades espec\u00edficas de cada comunidad.<\/p>\n\n\n\n<p class=\"has-black-color has-text-color has-link-color has-medium-font-size wp-elements-6c4a8ecddf7ec9ffd787251373be6c96 wp-block-paragraph\"><strong>Experiencia que marca la diferencia<\/strong><\/p>\n\n\n\n<p class=\"has-black-color has-text-color has-link-color has-medium-font-size wp-elements-2a0a53b397eb04e02f0f6bc61367ca29 wp-block-paragraph\">Te invitamos a conocernos y descubrir c\u00f3mo podemos ayudarte a resolver los desaf\u00edos de tu condominio o edificio.<\/p>\n\n\n\n<p class=\"has-black-color has-text-color has-link-color has-medium-font-size wp-elements-50ec8b82106776e4dc22ff5aa7a2cb60 wp-block-paragraph\"><strong>Agenda una reuni\u00f3n inicial sin costo. Cont\u00e1ctanos.<\/strong><\/p>\n\n\n\n<div class=\"wp-block-buttons is-layout-flex wp-block-buttons-is-layout-flex\">\n<div class=\"wp-block-button is-style-fill\"><a class=\"wp-block-button__link wp-element-button\" href=\"https:\/\/cpdiseno.cl\/index.php\/contacto\/\" style=\"border-top-left-radius:66px;border-top-right-radius:66px;border-bottom-left-radius:66px;border-bottom-right-radius:66px\">Contacto<\/a><\/div>\n<\/div>\n\n\n\n<p class=\"wp-block-paragraph\"><\/p>\n","protected":false},"excerpt":{"rendered":"<p>\u00bf Tu condominio recibe una gesti\u00f3n eficiente y transparente ? Si la administraci\u00f3n de tu condominio no est\u00e1 entregando un servicio eficiente, o la informaci\u00f3n&hellip;<\/p>\n","protected":false},"author":1,"featured_media":0,"parent":0,"menu_order":0,"comment_status":"closed","ping_status":"closed","template":"","meta":{"_crdt_document":"","footnotes":""},"class_list":["post-1215","page","type-page","status-publish","hentry"],"_links":{"self":[{"href":"https:\/\/cpdiseno.cl\/index.php\/wp-json\/wp\/v2\/pages\/1215","targetHints":{"allow":["GET"]}}],"collection":[{"href":"https:\/\/cpdiseno.cl\/index.php\/wp-json\/wp\/v2\/pages"}],"about":[{"href":"https:\/\/cpdiseno.cl\/index.php\/wp-json\/wp\/v2\/types\/page"}],"author":[{"embeddable":true,"href":"https:\/\/cpdiseno.cl\/index.php\/wp-json\/wp\/v2\/users\/1"}],"replies":[{"embeddable":true,"href":"https:\/\/cpdiseno.cl\/index.php\/wp-json\/wp\/v2\/comments?post=1215"}],"version-history":[{"count":32,"href":"https:\/\/cpdiseno.cl\/index.php\/wp-json\/wp\/v2\/pages\/1215\/revisions"}],"predecessor-version":[{"id":2308,"href":"https:\/\/cpdiseno.cl\/index.php\/wp-json\/wp\/v2\/pages\/1215\/revisions\/2308"}],"wp:attachment":[{"href":"https:\/\/cpdiseno.cl\/index.php\/wp-json\/wp\/v2\/media?parent=1215"}],"curies":[{"name":"wp","href":"https:\/\/api.w.org\/{rel}","templated":true}]}}